{"id":48,"date":"2012-03-15T15:20:58","date_gmt":"2012-03-15T14:20:58","guid":{"rendered":"http:\/\/www.saunaheimwerker.de\/sauna-blog\/?page_id=48"},"modified":"2016-03-17T18:34:32","modified_gmt":"2016-03-17T16:34:32","slug":"sauna-anfrage-vornehmen","status":"publish","type":"page","link":"http:\/\/www.sauna-heimwerker.de\/sauna-blog\/sauna-anfrage-vornehmen\/","title":{"rendered":"Saunabau &#8211; Saunanutzung &#8211; Frage stellen"},"content":{"rendered":"<p><img loading=\"lazy\" class=\"alignleft size-full wp-image-348\" title=\"Bezugsquellen-Nachweis\" src=\"http:\/\/www.saunaheimwerker.de\/sauna-blog\/wp-content\/uploads\/2012\/03\/fragezeichen-klein.jpg\" alt=\"\" width=\"65\" height=\"105\" srcset=\"http:\/\/www.sauna-heimwerker.de\/sauna-blog\/wp-content\/uploads\/2012\/03\/fragezeichen-klein.jpg 65w, http:\/\/www.sauna-heimwerker.de\/sauna-blog\/wp-content\/uploads\/2012\/03\/fragezeichen-klein-55x90.jpg 55w\" sizes=\"(max-width: 65px) 100vw, 65px\" \/><span style=\"font-family: Arial;\"><br \/>\n<em>Wenn Sie eine Anfrage stellen m\u00f6chten, dann schreiben Sie mir bitte hier. Ein Einloggen ist nicht erforderlich.<\/em><\/span><\/p>\n<p><em><span style=\"font-family: Arial;\"><em>Rechtsausk\u00fcnfte oder medizinische Empfehlungen werden jedoch nicht erteilt und eine Haftung f\u00fcr eventuell falsche Informationen wird hiermit ausdr\u00fccklich ausgeschlossen.<\/em><\/span><\/em><\/p>\n<p><em><span style=\"font-family: Arial;\">Selbstverst\u00e4ndlich bin ich stets und gerne\u00a0an\u00a0Fragen\u00a0zum Thema Sauna interessiert, bitte aber um Verst\u00e4ndnis daf\u00fcr, dass\u00a0Fragen erst nach Pr\u00fcfung\u00a0freigeschaltet werden k\u00f6nnen. Es geht dabei keineswegs um eine Zensur, aber die Fragen sollten fachbezogen sein und ich will damit Faks,\u00a0wirre oder automatisierte Eintr\u00e4ge\u00a0vermeiden.<\/span><\/em><\/p>\n<p><strong>Seit dem 01.01.2016 k\u00f6nnen aus Krankheitsgr\u00fcnden keine Fragen beantwortet werden.\u00a0<\/strong><strong>Ich bitte um Verst\u00e4ndnis.<\/strong><\/p>\n<hr \/>\n","protected":false},"excerpt":{"rendered":"<p>Wenn Sie eine Anfrage stellen m\u00f6chten, dann schreiben Sie mir bitte hier. Ein Einloggen ist nicht erforderlich. Rechtsausk\u00fcnfte oder medizinische Empfehlungen werden jedoch nicht erteilt und eine Haftung f\u00fcr eventuell falsche Informationen wird hiermit ausdr\u00fccklich ausgeschlossen. Selbstverst\u00e4ndlich bin ich stets und gerne\u00a0an\u00a0Fragen\u00a0zum Thema Sauna interessiert, bitte aber um Verst\u00e4ndnis daf\u00fcr, dass\u00a0Fragen erst nach Pr\u00fcfung\u00a0freigeschaltet werden&hellip; <a class=\"more-link\" href=\"http:\/\/www.sauna-heimwerker.de\/sauna-blog\/sauna-anfrage-vornehmen\/\"><span class=\"screen-reader-text\">Saunabau &#8211; Saunanutzung &#8211; Frage stellen<\/span> weiterlesen<\/a><\/p>\n","protected":false},"author":1,"featured_media":0,"parent":0,"menu_order":0,"comment_status":"open","ping_status":"closed","template":"","meta":[],"_links":{"self":[{"href":"http:\/\/www.sauna-heimwerker.de\/sauna-blog\/wp-json\/wp\/v2\/pages\/48"}],"collection":[{"href":"http:\/\/www.sauna-heimwerker.de\/sauna-blog\/wp-json\/wp\/v2\/pages"}],"about":[{"href":"http:\/\/www.sauna-heimwerker.de\/sauna-blog\/wp-json\/wp\/v2\/types\/page"}],"author":[{"embeddable":true,"href":"http:\/\/www.sauna-heimwerker.de\/sauna-blog\/wp-json\/wp\/v2\/users\/1"}],"replies":[{"embeddable":true,"href":"http:\/\/www.sauna-heimwerker.de\/sauna-blog\/wp-json\/wp\/v2\/comments?post=48"}],"version-history":[{"count":26,"href":"http:\/\/www.sauna-heimwerker.de\/sauna-blog\/wp-json\/wp\/v2\/pages\/48\/revisions"}],"predecessor-version":[{"id":1155,"href":"http:\/\/www.sauna-heimwerker.de\/sauna-blog\/wp-json\/wp\/v2\/pages\/48\/revisions\/1155"}],"wp:attachment":[{"href":"http:\/\/www.sauna-heimwerker.de\/sauna-blog\/wp-json\/wp\/v2\/media?parent=48"}],"curies":[{"name":"wp","href":"https:\/\/api.w.org\/{rel}","templated":true}]}}